
{"id":81,"date":"2024-11-07T14:10:26","date_gmt":"2024-11-07T13:10:26","guid":{"rendered":"https:\/\/juvigo.it\/rivista\/?page_id=81"},"modified":"2024-12-13T09:18:26","modified_gmt":"2024-12-13T08:18:26","slug":"recensioni-ragazzi","status":"publish","type":"page","link":"https:\/\/juvigo.it\/rivista\/recensioni-ragazzi\/","title":{"rendered":"Cosa dicono i partecipanti dei nostri campi estivi"},"content":{"rendered":"\n<h2 class=\"wp-block-heading teilnehmererfahrungen\">Cosa dicono i partecipanti dei nostri campi estivi<\/h2>\n\n\n\n<p class=\"teilnehmererfahrungen\">Vuoi sapere cosa amano di pi\u00f9 i nostri partecipanti del campo estivo? Qui puoi leggere qual \u00e8 stata l&#8217;attivit\u00e0 pi\u00f9 pazza o l&#8217;escursione pi\u00f9 emozionante. Chi \u00e8 stato il supervisore pi\u00f9 divertente e quante nuove amicizie sono nate? Qual \u00e8 stato il momento saliente del viaggio: cuocere il pane sul fal\u00f2, la classifica delle Olimpiadi o la costruzione di una zattera?<\/p>\n\n\n\n<iframe id=\"juvigo_ibe\" src=\"https:\/\/ibe.juvigo.it\/embed\/reviews\" frameborder=\"0\" scrolling=\"no\" style=\"overflow:hidden;\" width=\"100%\"><\/iframe>\n","protected":false},"excerpt":{"rendered":"<p>Cosa dicono i partecipanti dei nostri campi estivi Vuoi sapere cosa amano di pi\u00f9 i nostri partecipanti del campo estivo? Qui puoi leggere qual \u00e8 stata l&#8217;attivit\u00e0 pi\u00f9 pazza o l&#8217;escursione pi\u00f9 emozionante. Chi \u00e8 stato il supervisore pi\u00f9 divertente e quante nuove amicizie sono nate? Qual \u00e8 stato il momento saliente del viaggio: cuocere [&hellip;]<\/p>\n","protected":false},"author":1,"featured_media":0,"parent":0,"menu_order":0,"comment_status":"closed","ping_status":"closed","template":"redux-templates_full_width","meta":{"advgb_blocks_editor_width":"","advgb_blocks_columns_visual_guide":"","footnotes":"","_links_to":"","_links_to_target":""},"categories":[],"tags":[],"class_list":["post-81","page","type-page","status-publish","hentry"],"yoast_head":"<!-- This site is optimized with the Yoast SEO plugin v26.3 - https:\/\/yoast.com\/wordpress\/plugins\/seo\/ -->\n<title>Cosa dicono i partecipanti dei nostri campi estivi - Juvigo Rivista<\/title>\n<meta name=\"robots\" content=\"index, follow, max-snippet:-1, max-image-preview:large, max-video-preview:-1\" \/>\n<link rel=\"canonical\" href=\"https:\/\/juvigo.it\/rivista\/recensioni-ragazzi\/\" \/>\n<meta property=\"og:locale\" content=\"it_IT\" \/>\n<meta property=\"og:type\" content=\"article\" \/>\n<meta property=\"og:title\" content=\"Cosa dicono i partecipanti dei nostri campi estivi - Juvigo Rivista\" \/>\n<meta property=\"og:description\" content=\"Cosa dicono i partecipanti dei nostri campi estivi Vuoi sapere cosa amano di pi\u00f9 i nostri partecipanti del campo estivo? Qui puoi leggere qual \u00e8 stata l&#8217;attivit\u00e0 pi\u00f9 pazza o l&#8217;escursione pi\u00f9 emozionante. Chi \u00e8 stato il supervisore pi\u00f9 divertente e quante nuove amicizie sono nate? Qual \u00e8 stato il momento saliente del viaggio: cuocere [&hellip;]\" \/>\n<meta property=\"og:url\" content=\"https:\/\/juvigo.it\/rivista\/recensioni-ragazzi\/\" \/>\n<meta property=\"og:site_name\" content=\"Rivista Juvigo\" \/>\n<meta property=\"article:publisher\" content=\"https:\/\/www.facebook.com\/juvigoitalia\/\" \/>\n<meta property=\"article:modified_time\" content=\"2024-12-13T08:18:26+00:00\" \/>\n<meta property=\"og:image\" content=\"https:\/\/juvigo.it\/rivista\/wp-content\/uploads\/2024\/10\/banner-small-1.jpg\" \/>\n\t<meta property=\"og:image:width\" content=\"1440\" \/>\n\t<meta property=\"og:image:height\" content=\"590\" \/>\n\t<meta property=\"og:image:type\" content=\"image\/jpeg\" \/>\n<meta name=\"twitter:label1\" content=\"Est. reading time\" \/>\n\t<meta name=\"twitter:data1\" content=\"1 minuto\" \/>\n<script type=\"application\/ld+json\" class=\"yoast-schema-graph\">{\"@context\":\"https:\/\/schema.org\",\"@graph\":[{\"@type\":\"WebPage\",\"@id\":\"https:\/\/juvigo.it\/rivista\/recensioni-ragazzi\/\",\"url\":\"https:\/\/juvigo.it\/rivista\/recensioni-ragazzi\/\",\"name\":\"Cosa dicono i partecipanti dei nostri campi estivi - Juvigo Rivista\",\"isPartOf\":{\"@id\":\"https:\/\/juvigo.it\/rivista\/#website\"},\"datePublished\":\"2024-11-07T13:10:26+00:00\",\"dateModified\":\"2024-12-13T08:18:26+00:00\",\"breadcrumb\":{\"@id\":\"https:\/\/juvigo.it\/rivista\/recensioni-ragazzi\/#breadcrumb\"},\"inLanguage\":\"it-IT\",\"potentialAction\":[{\"@type\":\"ReadAction\",\"target\":[\"https:\/\/juvigo.it\/rivista\/recensioni-ragazzi\/\"]}]},{\"@type\":\"BreadcrumbList\",\"@id\":\"https:\/\/juvigo.it\/rivista\/recensioni-ragazzi\/#breadcrumb\",\"itemListElement\":[{\"@type\":\"ListItem\",\"position\":1,\"name\":\"Juvigo-Rivista\",\"item\":\"https:\/\/juvigo.it\/rivista\/\"},{\"@type\":\"ListItem\",\"position\":2,\"name\":\"Cosa dicono i partecipanti dei nostri campi estivi\"}]},{\"@type\":\"WebSite\",\"@id\":\"https:\/\/juvigo.it\/rivista\/#website\",\"url\":\"https:\/\/juvigo.it\/rivista\/\",\"name\":\"Rivista Juvigo\",\"description\":\"Informazioni su campi di vacanza, viaggi per giovani e corsi di lingua\",\"publisher\":{\"@id\":\"https:\/\/juvigo.it\/rivista\/#organization\"},\"potentialAction\":[{\"@type\":\"SearchAction\",\"target\":{\"@type\":\"EntryPoint\",\"urlTemplate\":\"https:\/\/juvigo.it\/rivista\/?s={search_term_string}\"},\"query-input\":{\"@type\":\"PropertyValueSpecification\",\"valueRequired\":true,\"valueName\":\"search_term_string\"}}],\"inLanguage\":\"it-IT\"},{\"@type\":\"Organization\",\"@id\":\"https:\/\/juvigo.it\/rivista\/#organization\",\"name\":\"Juvigo GmbH\",\"url\":\"https:\/\/juvigo.it\/rivista\/\",\"logo\":{\"@type\":\"ImageObject\",\"inLanguage\":\"it-IT\",\"@id\":\"https:\/\/juvigo.it\/rivista\/#\/schema\/logo\/image\/\",\"url\":\"https:\/\/juvigo.it\/rivista\/wp-content\/uploads\/2024\/10\/magazine_logo_mid.png\",\"contentUrl\":\"https:\/\/juvigo.it\/rivista\/wp-content\/uploads\/2024\/10\/magazine_logo_mid.png\",\"width\":370,\"height\":154,\"caption\":\"Juvigo GmbH\"},\"image\":{\"@id\":\"https:\/\/juvigo.it\/rivista\/#\/schema\/logo\/image\/\"},\"sameAs\":[\"https:\/\/www.facebook.com\/juvigoitalia\/\",\"https:\/\/www.instagram.com\/juvigo_it\/\"]}]}<\/script>\n<!-- \/ Yoast SEO plugin. -->","yoast_head_json":{"title":"Cosa dicono i partecipanti dei nostri campi estivi - Juvigo Rivista","robots":{"index":"index","follow":"follow","max-snippet":"max-snippet:-1","max-image-preview":"max-image-preview:large","max-video-preview":"max-video-preview:-1"},"canonical":"https:\/\/juvigo.it\/rivista\/recensioni-ragazzi\/","og_locale":"it_IT","og_type":"article","og_title":"Cosa dicono i partecipanti dei nostri campi estivi - Juvigo Rivista","og_description":"Cosa dicono i partecipanti dei nostri campi estivi Vuoi sapere cosa amano di pi\u00f9 i nostri partecipanti del campo estivo? Qui puoi leggere qual \u00e8 stata l&#8217;attivit\u00e0 pi\u00f9 pazza o l&#8217;escursione pi\u00f9 emozionante. Chi \u00e8 stato il supervisore pi\u00f9 divertente e quante nuove amicizie sono nate? Qual \u00e8 stato il momento saliente del viaggio: cuocere [&hellip;]","og_url":"https:\/\/juvigo.it\/rivista\/recensioni-ragazzi\/","og_site_name":"Rivista Juvigo","article_publisher":"https:\/\/www.facebook.com\/juvigoitalia\/","article_modified_time":"2024-12-13T08:18:26+00:00","og_image":[{"width":1440,"height":590,"url":"https:\/\/juvigo.it\/rivista\/wp-content\/uploads\/2024\/10\/banner-small-1.jpg","type":"image\/jpeg"}],"twitter_misc":{"Est. reading time":"1 minuto"},"schema":{"@context":"https:\/\/schema.org","@graph":[{"@type":"WebPage","@id":"https:\/\/juvigo.it\/rivista\/recensioni-ragazzi\/","url":"https:\/\/juvigo.it\/rivista\/recensioni-ragazzi\/","name":"Cosa dicono i partecipanti dei nostri campi estivi - Juvigo Rivista","isPartOf":{"@id":"https:\/\/juvigo.it\/rivista\/#website"},"datePublished":"2024-11-07T13:10:26+00:00","dateModified":"2024-12-13T08:18:26+00:00","breadcrumb":{"@id":"https:\/\/juvigo.it\/rivista\/recensioni-ragazzi\/#breadcrumb"},"inLanguage":"it-IT","potentialAction":[{"@type":"ReadAction","target":["https:\/\/juvigo.it\/rivista\/recensioni-ragazzi\/"]}]},{"@type":"BreadcrumbList","@id":"https:\/\/juvigo.it\/rivista\/recensioni-ragazzi\/#breadcrumb","itemListElement":[{"@type":"ListItem","position":1,"name":"Juvigo-Rivista","item":"https:\/\/juvigo.it\/rivista\/"},{"@type":"ListItem","position":2,"name":"Cosa dicono i partecipanti dei nostri campi estivi"}]},{"@type":"WebSite","@id":"https:\/\/juvigo.it\/rivista\/#website","url":"https:\/\/juvigo.it\/rivista\/","name":"Rivista Juvigo","description":"Informazioni su campi di vacanza, viaggi per giovani e corsi di lingua","publisher":{"@id":"https:\/\/juvigo.it\/rivista\/#organization"},"potentialAction":[{"@type":"SearchAction","target":{"@type":"EntryPoint","urlTemplate":"https:\/\/juvigo.it\/rivista\/?s={search_term_string}"},"query-input":{"@type":"PropertyValueSpecification","valueRequired":true,"valueName":"search_term_string"}}],"inLanguage":"it-IT"},{"@type":"Organization","@id":"https:\/\/juvigo.it\/rivista\/#organization","name":"Juvigo GmbH","url":"https:\/\/juvigo.it\/rivista\/","logo":{"@type":"ImageObject","inLanguage":"it-IT","@id":"https:\/\/juvigo.it\/rivista\/#\/schema\/logo\/image\/","url":"https:\/\/juvigo.it\/rivista\/wp-content\/uploads\/2024\/10\/magazine_logo_mid.png","contentUrl":"https:\/\/juvigo.it\/rivista\/wp-content\/uploads\/2024\/10\/magazine_logo_mid.png","width":370,"height":154,"caption":"Juvigo GmbH"},"image":{"@id":"https:\/\/juvigo.it\/rivista\/#\/schema\/logo\/image\/"},"sameAs":["https:\/\/www.facebook.com\/juvigoitalia\/","https:\/\/www.instagram.com\/juvigo_it\/"]}]}},"wps_subtitle":"","coauthors":[],"author_meta":{"author_link":"https:\/\/juvigo.it\/rivista\/author\/max\/","display_name":"max"},"relative_dates":{"created":"Pubblicato 1 anno fa","modified":"Aggiornato 1 anno fa"},"absolute_dates":{"created":"Pubblicato il Novembre 7, 2024","modified":"Aggiornato il Dicembre 13, 2024"},"absolute_dates_time":{"created":"Pubblicato il Novembre 7, 2024 2:10 pm","modified":"Aggiornato il Dicembre 13, 2024 9:18 am"},"featured_img_caption":"","featured_img":false,"series_order":"","_links":{"self":[{"href":"https:\/\/juvigo.it\/rivista\/wp-json\/wp\/v2\/pages\/81","targetHints":{"allow":["GET"]}}],"collection":[{"href":"https:\/\/juvigo.it\/rivista\/wp-json\/wp\/v2\/pages"}],"about":[{"href":"https:\/\/juvigo.it\/rivista\/wp-json\/wp\/v2\/types\/page"}],"author":[{"embeddable":true,"href":"https:\/\/juvigo.it\/rivista\/wp-json\/wp\/v2\/users\/1"}],"replies":[{"embeddable":true,"href":"https:\/\/juvigo.it\/rivista\/wp-json\/wp\/v2\/comments?post=81"}],"version-history":[{"count":7,"href":"https:\/\/juvigo.it\/rivista\/wp-json\/wp\/v2\/pages\/81\/revisions"}],"predecessor-version":[{"id":162,"href":"https:\/\/juvigo.it\/rivista\/wp-json\/wp\/v2\/pages\/81\/revisions\/162"}],"wp:attachment":[{"href":"https:\/\/juvigo.it\/rivista\/wp-json\/wp\/v2\/media?parent=81"}],"wp:term":[{"taxonomy":"category","embeddable":true,"href":"https:\/\/juvigo.it\/rivista\/wp-json\/wp\/v2\/categories?post=81"},{"taxonomy":"post_tag","embeddable":true,"href":"https:\/\/juvigo.it\/rivista\/wp-json\/wp\/v2\/tags?post=81"}],"curies":[{"name":"wp","href":"https:\/\/api.w.org\/{rel}","templated":true}]}}