
{"id":106,"date":"2024-11-07T14:38:34","date_gmt":"2024-11-07T13:38:34","guid":{"rendered":"https:\/\/juvigo.it\/rivista\/?page_id=106"},"modified":"2024-11-07T14:38:35","modified_gmt":"2024-11-07T13:38:35","slug":"assicurazione","status":"publish","type":"page","link":"https:\/\/juvigo.it\/rivista\/assicurazione\/","title":{"rendered":"Juvigo \u2013 Protezione del viaggio"},"content":{"rendered":"\n<p>Insieme al nostro partner fidato HanseMerkur, con pi\u00f9 di 140 anni di esperienza, ti offriamo una copertura assicurativa eccellente e di qualit\u00e0!<\/p>\n\n\n\n<p>Abbiamo negoziato per te le condizioni migliori e possiamo quindi farti un\u2019offerta pi\u00f9 vantaggiosa di quella che potresti prenotare individualmente con una compagnia d\u2019assicurazioni.<\/p>\n\n\n\n<figure class=\"wp-block-image size-full\"><img loading=\"lazy\" decoding=\"async\" width=\"645\" height=\"410\" src=\"https:\/\/juvigo.it\/rivista\/wp-content\/uploads\/2024\/11\/hansemerkur-assicurazione-componenti-it.jpg\" alt=\"\" class=\"wp-image-107\" srcset=\"https:\/\/juvigo.it\/rivista\/wp-content\/uploads\/2024\/11\/hansemerkur-assicurazione-componenti-it.jpg 645w, https:\/\/juvigo.it\/rivista\/wp-content\/uploads\/2024\/11\/hansemerkur-assicurazione-componenti-it-300x191.jpg 300w, https:\/\/juvigo.it\/rivista\/wp-content\/uploads\/2024\/11\/hansemerkur-assicurazione-componenti-it-600x381.jpg 600w\" sizes=\"auto, (max-width: 645px) 100vw, 645px\" \/><\/figure>\n\n\n\n<div style=\"height:30px\" aria-hidden=\"true\" class=\"wp-block-spacer\"><\/div>\n\n\n\n<h2 class=\"wp-block-heading\">Assicurazione di cancellazione del viaggio<\/h2>\n\n\n\n<p>In caso di annullamento della prenotazione del viaggio o di inizio ritardato del viaggio, rimborseremo le spese di annullamento contrattualmente dovute o le spese aggiuntive di viaggio di andata. Particolarmente vantaggiose per te: Non devi pagare una franchigia.<\/p>\n\n\n\n<h2 class=\"wp-block-heading\">Protezione premium a 5 stelle<\/h2>\n\n\n\n<p>La protezione premium assicura la vostra vacanza perfettamente &#8211; perch\u00e9 con questa otterrete le pi\u00f9 importanti assicurazioni di viaggio in un unico pacchetto. Oltre all\u2019assicurazione per l\u2019annullamento del viaggio descritta sopra, il nostro pacchetto di protezione premium vi offre anche i seguenti benefici aggiuntivi:<\/p>\n\n\n\n<h3 class=\"wp-block-heading\">Garanzia vacanza (assicurazione di interruzione del viaggio)<\/h3>\n\n\n\n<p>In caso di interruzione prematura del viaggio, rimborseremo l&#8217;intero prezzo del viaggio o una parte del prezzo del viaggio, a seconda del momento della cessazione. Inoltre, ci faremo carico dei costi aggiuntivi in caso di ritardo del viaggio di ritorno e rimborseremo i servizi di viaggio non utilizzati in caso di inizio ritardato del viaggio.<\/p>\n\n\n\n<h3 class=\"wp-block-heading\">Assicurazione sanitaria di viaggio<\/h3>\n\n\n\n<p>In caso di trattamento medico necessario all&#8217;estero, rimborsiamo, tra le altre cose, i 5.000,\u2013 costi del trattamento ambulatoriale e stazionario come paziente privato, i medicinali e le medicazioni prescritte dal medico e ci assumiamo i costi del trasporto di ritorno al paese d&#8217;origine ordinato dal medico. La franchigia \u00e8 pari a 50,\u2013 euro per sinistro.<\/p>\n\n\n\n<h3 class=\"wp-block-heading\">Assicurazione di emergenza<\/h3>\n\n\n\n<p>Il nostro servizio di chiamata d&#8217;emergenza \u00e8 disponibile 365 giorni all&#8217;anno, 24 ore su 24 e in tutto il mondo. Questo include, tra le altre cose, il trasporto in ambulanza o l&#8217;assistenza in caso di perdita di documenti o mezzi di pagamento.<\/p>\n\n\n\n<h3 class=\"wp-block-heading\">Assicurazione del bagaglio<\/h3>\n\n\n\n<p>Se il tuo bagaglio \u00e8 danneggiato o perso, ti rimborseremo il valore corrente fino a un massimo di 1.000,\u2013 euro. La franchigia \u00e8 pari a 50,\u2013 euro della somma di risarcimento calcolata.<\/p>\n\n\n\n<h3 class=\"wp-block-heading\">Assicurazione di responsabilit\u00e0 civile di viaggio<\/h3>\n\n\n\n<p>Benefici di una protezione assicurativa contro le richieste di risarcimento danni in caso di lesioni personali e danni alla propriet\u00e0. La somma assicurata \u00e8 di max. 1,5 milioni di euro, di cui fino a max. 25.000,\u2013 euro per danni alle cose in affitto. Non devi pagare una franchigia.<\/p>\n\n\n\n<h3 class=\"wp-block-heading\">Assicurazione incidente di viaggio<\/h3>\n\n\n\n<p>In caso di invalidit\u00e0 dovuta a un incidente, pagheremo una prestazione una tantum di invalidit\u00e0, a seconda del grado di lesione permanente. In caso di morte accidentale, la prestazione \u00e8 di 20.000,\u2013 euro. Per i bambini fino a 18 anni, EUR 10.000,\u2013.<\/p>\n\n\n\n<p>Quando si stipula una polizza assicurativa, si ricevono tutte le condizioni e descrizioni della stessa. Se possibile, stipulate l\u2019assicurazione al momento della prenotazione del viaggio, per godere dei suoi benefici fin dall\u2019inizio della vostra esperienza. In caso contrario, saremo lieti di tenervi informati sulle altre scadenze.<\/p>\n\n\n\n<figure class=\"wp-block-image size-full\"><img loading=\"lazy\" decoding=\"async\" width=\"624\" height=\"412\" src=\"https:\/\/juvigo.it\/rivista\/wp-content\/uploads\/2024\/11\/hansemerkur-listino-prezzi.jpg\" alt=\"\" class=\"wp-image-108\" srcset=\"https:\/\/juvigo.it\/rivista\/wp-content\/uploads\/2024\/11\/hansemerkur-listino-prezzi.jpg 624w, https:\/\/juvigo.it\/rivista\/wp-content\/uploads\/2024\/11\/hansemerkur-listino-prezzi-300x198.jpg 300w, https:\/\/juvigo.it\/rivista\/wp-content\/uploads\/2024\/11\/hansemerkur-listino-prezzi-600x396.jpg 600w\" sizes=\"auto, (max-width: 624px) 100vw, 624px\" \/><\/figure>\n\n\n\n<div style=\"height:75px\" aria-hidden=\"true\" class=\"wp-block-spacer\"><\/div>\n\n\n\n<div class=\"skeepers_carousel_container\" data-slides-count=\"3\"><\/div><script defer charset=\"utf-8\" src=\"\/\/widgets.rr.skeepers.io\/carousel\/e1ffacfe-b4f5-33b4-4d69-5898162969bd\/710f0fb4-ebc6-4ebe-ab4c-2ad812565dae.js\"><\/script>\n","protected":false},"excerpt":{"rendered":"<p>Insieme al nostro partner fidato HanseMerkur, con pi\u00f9 di 140 anni di esperienza, ti offriamo una copertura assicurativa eccellente e di qualit\u00e0! Abbiamo negoziato per te le condizioni migliori e possiamo quindi farti un\u2019offerta pi\u00f9 vantaggiosa di quella che potresti prenotare individualmente con una compagnia d\u2019assicurazioni. Assicurazione di cancellazione del viaggio In caso di annullamento [&hellip;]<\/p>\n","protected":false},"author":1,"featured_media":71,"parent":0,"menu_order":0,"comment_status":"closed","ping_status":"closed","template":"","meta":{"footnotes":""},"class_list":["post-106","page","type-page","status-publish","has-post-thumbnail","hentry"],"_links":{"self":[{"href":"https:\/\/juvigo.it\/rivista\/wp-json\/wp\/v2\/pages\/106","targetHints":{"allow":["GET"]}}],"collection":[{"href":"https:\/\/juvigo.it\/rivista\/wp-json\/wp\/v2\/pages"}],"about":[{"href":"https:\/\/juvigo.it\/rivista\/wp-json\/wp\/v2\/types\/page"}],"author":[{"embeddable":true,"href":"https:\/\/juvigo.it\/rivista\/wp-json\/wp\/v2\/users\/1"}],"replies":[{"embeddable":true,"href":"https:\/\/juvigo.it\/rivista\/wp-json\/wp\/v2\/comments?post=106"}],"version-history":[{"count":3,"href":"https:\/\/juvigo.it\/rivista\/wp-json\/wp\/v2\/pages\/106\/revisions"}],"predecessor-version":[{"id":111,"href":"https:\/\/juvigo.it\/rivista\/wp-json\/wp\/v2\/pages\/106\/revisions\/111"}],"wp:featuredmedia":[{"embeddable":true,"href":"https:\/\/juvigo.it\/rivista\/wp-json\/wp\/v2\/media\/71"}],"wp:attachment":[{"href":"https:\/\/juvigo.it\/rivista\/wp-json\/wp\/v2\/media?parent=106"}],"curies":[{"name":"wp","href":"https:\/\/api.w.org\/{rel}","templated":true}]}}